{"id":10,"date":"2021-01-22T10:56:38","date_gmt":"2021-01-22T10:56:38","guid":{"rendered":"http:\/\/fastnacht-bauart.com\/?page_id=10"},"modified":"2022-05-09T17:18:11","modified_gmt":"2022-05-09T15:18:11","slug":"leistungen","status":"publish","type":"page","link":"https:\/\/fastnacht-bauart.com\/staging\/leistungen\/","title":{"rendered":"Leistungen"},"content":{"rendered":"<p><div class=\"fusion-fullwidth fullwidth-box fusion-builder-row-1 fusion-flex-container nonhundred-percent-fullwidth non-hundred-percent-height-scrolling\" style=\"background-color: rgba(255,255,255,0);background-position: center center;background-repeat: no-repeat;border-width: 0px 0px 0px 0px;border-color:var(--awb-color3);border-style:solid;\" ><div class=\"fusion-builder-row fusion-row fusion-flex-align-items-stretch\" style=\"max-width:calc( 1200px + 80px );margin-left: calc(-80px \/ 2 );margin-right: calc(-80px \/ 2 );\"><div class=\"fusion-layout-column fusion_builder_column fusion-builder-column-0 fusion_builder_column_1_1 1_1 fusion-flex-column\"><div class=\"fusion-column-wrapper fusion-flex-justify-content-flex-start fusion-content-layout-column\" style=\"background-position:left top;background-repeat:no-repeat;-webkit-background-size:cover;-moz-background-size:cover;-o-background-size:cover;background-size:cover;padding: 0px 0px 0px 0px;\"><div class=\"fusion-post-cards fusion-post-cards-1 fusion-delayed-animation fusion-grid-archive\" data-animationType=\"fadeInLeft\" data-animationDuration=\"1.3\" data-animationOffset=\"top-into-view\" data-animation-delay=\"0.8\"><ul class=\"fusion-grid fusion-grid-1 fusion-flex-align-items-flex-start\"><li class=\"fusion-layout-column fusion_builder_column fusion-builder-column-1 fusion-flex-column post-card fusion-grid-column fusion-post-cards-grid-column fusion-animated\"><div class=\"fusion-column-wrapper fusion-flex-justify-content-flex-start fusion-content-layout-column\" style=\"background-position:left top;background-repeat:no-repeat;-webkit-background-size:cover;-moz-background-size:cover;-o-background-size:cover;background-size:cover;background-color:var(--awb-color1);padding: 0px 0px 0px 0px;\"><div class=\"fusion-builder-row fusion-builder-row-inner fusion-row fusion-flex-align-items-stretch\" style=\"width:calc( 100% + 80px ) !important;max-width:calc( 100% + 80px ) !important;margin-left: calc(-80px \/ 2 );margin-right: calc(-80px \/ 2 );\"><div class=\"fusion-layout-column fusion_builder_column_inner fusion-builder-nested-column-0 fusion_builder_column_inner_1_2 1_2 fusion-flex-column fusion-flex-align-self-stretch\"><div class=\"fusion-column-wrapper fusion-flex-justify-content-center fusion-content-layout-column\" style=\"background-position:left top;background-repeat:no-repeat;-webkit-background-size:cover;-moz-background-size:cover;-o-background-size:cover;background-size:cover;background-color:var(--awb-color2);padding: 8vw 6vw 8vw 6vw;\"><style type=\"text\/css\">@media only screen and (max-width:1024px) {.fusion-title.fusion-title-1{margin-top:10px!important; margin-right:0px!important;margin-bottom:15px!important;margin-left:0px!important;}}@media only screen and (max-width:640px) {.fusion-title.fusion-title-1{margin-top:10px!important; margin-right:0px!important;margin-bottom:10px!important; margin-left:0px!important;}}.fusion-title.fusion-title-text.fusion-title-1 a{color:var(--awb-color8)}.fusion-title.fusion-title-text.fusion-title-1 a:hover{color:#4aae7a}<\/style><div class=\"fusion-title title fusion-title-1 fusion-sep-none fusion-title-text fusion-title-size-two\" style=\"font-size:36px;margin-top:10px;margin-right:0px;margin-bottom:15px;margin-left:0px;\"><h2 class=\"title-heading-left\" style=\"margin:0;font-size:1em;text-transform:capitalize;\"><a href=\"https:\/\/fastnacht-bauart.com\/staging\/services\/blockhausbau-modulbau-staenderbau\/\" class=\"awb-custom-text-color awb-custom-text-hover-color\" target=\"_self\">Blockhausbau \u2013 Modulbau \u2013 St\u00e4nderbau<\/a><\/h2><\/div><div class=\"fusion-separator\" style=\"align-self: flex-start;margin-right:auto;margin-top:10px;margin-bottom:30px;width:100%;max-width:80px;\"><div class=\"fusion-separator-border sep-single sep-solid\" style=\"border-color:var(--awb-color4);border-top-width:3px;\"><\/div><\/div><div class=\"fusion-text fusion-text-1 fusion-text-no-margin\" style=\"font-size:18px;margin-bottom:25px;\"><p>Vom Erstgespr\u00e4ch bis zum fertigen Projekt alles aus einer Hand.<\/p>\n<\/div><div ><style>.fusion-body .fusion-button.button-1{border-radius:37px 37px 37px 37px;}<\/style><a class=\"fusion-button button-flat fusion-button-default-size button-default button-1 fusion-button-default-span fusion-button-default-type\" target=\"_self\" href=\"https:\/\/fastnacht-bauart.com\/staging\/services\/blockhausbau-modulbau-staenderbau\/\"><span class=\"fusion-button-text\">Read More<\/span><\/a><\/div><\/div><style type=\"text\/css\">.fusion-body .fusion-builder-nested-column-0{width:50% !important;margin-top : 0px;margin-bottom : 0px;}.fusion-builder-nested-column-0 > .fusion-column-wrapper {padding-top : 8vw !important;padding-right : 6vw !important;margin-right : 0;padding-bottom : 8vw !important;padding-left : 6vw !important;margin-left : 0;}@media only screen and (max-width:1024px) {.fusion-body .fusion-builder-nested-column-0{width:50% !important;order : 0;}.fusion-builder-nested-column-0 > .fusion-column-wrapper {margin-right : 0;margin-left : 0;}}@media only screen and (max-width:640px) {.fusion-body .fusion-builder-nested-column-0{width:100% !important;order : 1;}.fusion-builder-nested-column-0 > .fusion-column-wrapper {margin-right : 40px;margin-left : 40px;}}<\/style><\/div><div class=\"fusion-layout-column fusion_builder_column_inner fusion-builder-nested-column-1 fusion_builder_column_inner_1_2 1_2 fusion-flex-column fusion-flex-align-self-stretch fusion-column-inner-bg-wrapper\"><div class=\"fusion-column-wrapper fusion-flex-justify-content-flex-start fusion-content-layout-column fusion-empty-column-bg-image\" style=\"padding: 0px 0px 0px 0px;\" data-bg-url=\"https:\/\/fastnacht-bauart.com\/staging\/wp-content\/uploads\/2022\/09\/Gartenhaus-mit-Aenderungen-800x600vorschau.jpg\"><img decoding=\"async\" class=\"fusion-empty-dims-img-placeholder fusion-no-large-visibility fusion-no-medium-visibility\" src=\"data:image\/svg+xml,%3Csvg%20xmlns%3D%27http%3A%2F%2Fwww.w3.org%2F2000%2Fsvg%27%20width%3D%271194%27%20height%3D%27672%27%20viewBox%3D%270%200%201194%20672%27%3E%3Crect%20width%3D%271194%27%20height%3D%27672%27%20fill-opacity%3D%220%22%2F%3E%3C%2Fsvg%3E\"><\/div><span class=\"fusion-column-inner-bg hover-type-none\"><a class=\"fusion-column-anchor\" href=\"https:\/\/fastnacht-bauart.com\/staging\/services\/blockhausbau-modulbau-staenderbau\/\"><span class=\"fusion-column-inner-bg-image lazyload\" style=\"background-position:left top;background-repeat:no-repeat;-webkit-background-size:cover;-moz-background-size:cover;-o-background-size:cover;background-size:cover;\" data-bg=\"https:\/\/fastnacht-bauart.com\/staging\/wp-content\/uploads\/2022\/09\/Gartenhaus-mit-Aenderungen-800x600vorschau.jpg\"><\/span><\/a><\/span><style type=\"text\/css\">.fusion-body .fusion-builder-nested-column-1{width:50% !important;margin-top : 0px;margin-bottom : 0px;}.fusion-builder-nested-column-1 > .fusion-column-wrapper {padding-top : 0px !important;padding-right : 0px !important;margin-right : 0;padding-bottom : 0px !important;padding-left : 0px !important;margin-left : 0;}.fusion-flex-container .fusion-row .fusion-builder-nested-column-1 > .fusion-column-inner-bg { margin-right:0;margin-left:0; }@media only screen and (max-width:1024px) {.fusion-body .fusion-builder-nested-column-1{width:50% !important;order : 0;}.fusion-builder-nested-column-1 > .fusion-column-wrapper {margin-right : 0;margin-left : 0;}.fusion-flex-container .fusion-row .fusion-builder-nested-column-1 > .fusion-column-inner-bg { margin-right:0;margin-left:0; }}@media only screen and (max-width:640px) {.fusion-body .fusion-builder-nested-column-1{width:100% !important;order : 0;}.fusion-builder-nested-column-1 > .fusion-column-wrapper {margin-right : 40px;margin-left : 40px;}.fusion-flex-container .fusion-row .fusion-builder-nested-column-1 > .fusion-column-inner-bg { margin-right:40px;margin-left:40px; }}<\/style><\/div><\/div><div class=\"fusion-separator fusion-full-width-sep\" style=\"align-self: center;margin-left: auto;margin-right: auto;flex-grow:1;width:100%;\"><\/div><\/div><style type=\"text\/css\">.fusion-builder-column-1 > .fusion-column-wrapper {padding-top : 0px !important;padding-right : 0px !important;padding-bottom : 0px !important;padding-left : 0px !important;}<\/style><\/li>\n<\/ul><\/div><style>.fusion-post-cards.fusion-post-cards-1 ul.fusion-grid{margin-top:calc((90px)\/ -2);}.fusion-post-cards.fusion-post-cards-1 ul.fusion-grid > .fusion-grid-column{padding-top:calc((90px)\/ 2);padding-bottom:calc((90px)\/ 2);}.fusion-post-cards.fusion-post-cards-1 ul.fusion-grid > .fusion-grid-column > .fusion-column-inner-bg{margin-top:calc((90px)\/ 2);margin-bottom:calc((90px)\/ 2);}<\/style><div class=\"fusion-post-cards fusion-post-cards-2 fusion-delayed-animation fusion-grid-archive\" data-animationType=\"fadeInRight\" data-animationDuration=\"1.3\" data-animationOffset=\"top-into-view\" data-animation-delay=\"0.8\"><ul class=\"fusion-grid fusion-grid-1 fusion-flex-align-items-flex-start\"><li class=\"fusion-layout-column fusion_builder_column fusion-builder-column-2 fusion-flex-column post-card fusion-grid-column fusion-post-cards-grid-column fusion-animated\"><div class=\"fusion-column-wrapper fusion-flex-justify-content-flex-start fusion-content-layout-column\" style=\"background-position:left top;background-repeat:no-repeat;-webkit-background-size:cover;-moz-background-size:cover;-o-background-size:cover;background-size:cover;background-color:var(--awb-color1);padding: 0px 0px 0px 0px;\"><div class=\"fusion-builder-row fusion-builder-row-inner fusion-row fusion-flex-align-items-stretch\" style=\"width:calc( 100% + 80px ) !important;max-width:calc( 100% + 80px ) !important;margin-left: calc(-80px \/ 2 );margin-right: calc(-80px \/ 2 );\"><div class=\"fusion-layout-column fusion_builder_column_inner fusion-builder-nested-column-2 fusion_builder_column_inner_1_2 1_2 fusion-flex-column fusion-flex-align-self-stretch fusion-column-inner-bg-wrapper\"><div class=\"fusion-column-wrapper fusion-flex-justify-content-flex-start fusion-content-layout-column fusion-empty-column-bg-image\" style=\"padding: 0px 0px 0px 0px;\" data-bg-url=\"https:\/\/fastnacht-bauart.com\/staging\/wp-content\/uploads\/2021\/10\/Sichtschutzzaun-und-Podest-e1642351685137.jpg\"><img decoding=\"async\" class=\"fusion-empty-dims-img-placeholder fusion-no-large-visibility fusion-no-medium-visibility\" src=\"data:image\/svg+xml,%3Csvg%20xmlns%3D%27http%3A%2F%2Fwww.w3.org%2F2000%2Fsvg%27%20width%3D%271536%27%20height%3D%27864%27%20viewBox%3D%270%200%201536%20864%27%3E%3Crect%20width%3D%271536%27%20height%3D%27864%27%20fill-opacity%3D%220%22%2F%3E%3C%2Fsvg%3E\"><\/div><span class=\"fusion-column-inner-bg hover-type-none\"><a class=\"fusion-column-anchor\" href=\"https:\/\/fastnacht-bauart.com\/staging\/services\/sichtschutz-aus-holz-kunstoff-und-glas\/\"><span class=\"fusion-column-inner-bg-image lazyload\" style=\"background-position:left top;background-repeat:no-repeat;-webkit-background-size:cover;-moz-background-size:cover;-o-background-size:cover;background-size:cover;\" data-bg=\"https:\/\/fastnacht-bauart.com\/staging\/wp-content\/uploads\/2021\/10\/Sichtschutzzaun-und-Podest-e1642351685137.jpg\"><\/span><\/a><\/span><style type=\"text\/css\">.fusion-body .fusion-builder-nested-column-2{width:50% !important;margin-top : 0px;margin-bottom : 0px;}.fusion-builder-nested-column-2 > .fusion-column-wrapper {padding-top : 0px !important;padding-right : 0px !important;margin-right : 0;padding-bottom : 0px !important;padding-left : 0px !important;margin-left : 0;}.fusion-flex-container .fusion-row .fusion-builder-nested-column-2 > .fusion-column-inner-bg { margin-right:0;margin-left:0; }@media only screen and (max-width:1024px) {.fusion-body .fusion-builder-nested-column-2{width:50% !important;order : 0;}.fusion-builder-nested-column-2 > .fusion-column-wrapper {margin-right : 0;margin-left : 0;}.fusion-flex-container .fusion-row .fusion-builder-nested-column-2 > .fusion-column-inner-bg { margin-right:0;margin-left:0; }}@media only screen and (max-width:640px) {.fusion-body .fusion-builder-nested-column-2{width:100% !important;order : 0;}.fusion-builder-nested-column-2 > .fusion-column-wrapper {margin-right : 40px;margin-left : 40px;}.fusion-flex-container .fusion-row .fusion-builder-nested-column-2 > .fusion-column-inner-bg { margin-right:40px;margin-left:40px; }}<\/style><\/div><div class=\"fusion-layout-column fusion_builder_column_inner fusion-builder-nested-column-3 fusion_builder_column_inner_1_2 1_2 fusion-flex-column fusion-flex-align-self-stretch\"><div class=\"fusion-column-wrapper fusion-flex-justify-content-center fusion-content-layout-column\" style=\"background-position:left top;background-repeat:no-repeat;-webkit-background-size:cover;-moz-background-size:cover;-o-background-size:cover;background-size:cover;background-color:var(--awb-color2);padding: 8vw 6vw 8vw 6vw;\"><style type=\"text\/css\">@media only screen and (max-width:1024px) {.fusion-title.fusion-title-2{margin-top:10px!important; margin-right:0px!important;margin-bottom:15px!important;margin-left:0px!important;}}@media only screen and (max-width:640px) {.fusion-title.fusion-title-2{margin-top:10px!important; margin-right:0px!important;margin-bottom:10px!important; margin-left:0px!important;}}.fusion-title.fusion-title-text.fusion-title-2 a{color:var(--awb-color8)}.fusion-title.fusion-title-text.fusion-title-2 a:hover{color:#4aae7a}<\/style><div class=\"fusion-title title fusion-title-2 fusion-sep-none fusion-title-text fusion-title-size-two\" style=\"font-size:36px;margin-top:10px;margin-right:0px;margin-bottom:15px;margin-left:0px;\"><h2 class=\"title-heading-left\" style=\"margin:0;font-size:1em;text-transform:capitalize;\"><a href=\"https:\/\/fastnacht-bauart.com\/staging\/services\/sichtschutz-aus-holz-kunstoff-und-glas\/\" class=\"awb-custom-text-color awb-custom-text-hover-color\" target=\"_self\">Sichtschutz<\/a><\/h2><\/div><div class=\"fusion-separator\" style=\"align-self: flex-start;margin-right:auto;margin-top:10px;margin-bottom:30px;width:100%;max-width:80px;\"><div class=\"fusion-separator-border sep-single sep-solid\" style=\"border-color:var(--awb-color4);border-top-width:3px;\"><\/div><\/div><div class=\"fusion-text fusion-text-2 fusion-text-no-margin\" style=\"font-size:18px;margin-bottom:25px;\"><p>Ich baue Ihren Sichtschutzzaun fachgerecht und professionell auf, ganz egal ob ihr Grundst\u00fcck absch\u00fcssig oder h\u00fcgelig ist.<\/p>\n<\/div><div ><style>.fusion-body .fusion-button.button-2{border-radius:37px 37px 37px 37px;}<\/style><a class=\"fusion-button button-flat fusion-button-default-size button-default button-2 fusion-button-default-span fusion-button-default-type\" target=\"_self\" href=\"https:\/\/fastnacht-bauart.com\/staging\/services\/sichtschutz-aus-holz-kunstoff-und-glas\/\"><span class=\"fusion-button-text\">Read More<\/span><\/a><\/div><\/div><style type=\"text\/css\">.fusion-body .fusion-builder-nested-column-3{width:50% !important;margin-top : 0px;margin-bottom : 0px;}.fusion-builder-nested-column-3 > .fusion-column-wrapper {padding-top : 8vw !important;padding-right : 6vw !important;margin-right : 0;padding-bottom : 8vw !important;padding-left : 6vw !important;margin-left : 0;}@media only screen and (max-width:1024px) {.fusion-body .fusion-builder-nested-column-3{width:50% !important;order : 0;}.fusion-builder-nested-column-3 > .fusion-column-wrapper {margin-right : 0;margin-left : 0;}}@media only screen and (max-width:640px) {.fusion-body .fusion-builder-nested-column-3{width:100% !important;order : 0;}.fusion-builder-nested-column-3 > .fusion-column-wrapper {margin-right : 40px;margin-left : 40px;}}<\/style><\/div><\/div><div class=\"fusion-separator fusion-full-width-sep\" style=\"align-self: center;margin-left: auto;margin-right: auto;flex-grow:1;width:100%;\"><\/div><\/div><style type=\"text\/css\">.fusion-builder-column-2 > .fusion-column-wrapper {padding-top : 0px !important;padding-right : 0px !important;padding-bottom : 0px !important;padding-left : 0px !important;}<\/style><\/li>\n<\/ul><\/div><style>.fusion-post-cards.fusion-post-cards-2 ul.fusion-grid{margin-top:calc((90px)\/ -2);}.fusion-post-cards.fusion-post-cards-2 ul.fusion-grid > .fusion-grid-column{padding-top:calc((90px)\/ 2);padding-bottom:calc((90px)\/ 2);}.fusion-post-cards.fusion-post-cards-2 ul.fusion-grid > .fusion-grid-column > .fusion-column-inner-bg{margin-top:calc((90px)\/ 2);margin-bottom:calc((90px)\/ 2);}<\/style><div class=\"fusion-post-cards fusion-post-cards-3 fusion-delayed-animation fusion-grid-archive\" data-animationType=\"fadeInLeft\" data-animationDuration=\"1.3\" data-animationOffset=\"top-into-view\" data-animation-delay=\"0.8\"><ul class=\"fusion-grid fusion-grid-1 fusion-flex-align-items-flex-start\"><li class=\"fusion-layout-column fusion_builder_column fusion-builder-column-3 fusion-flex-column post-card fusion-grid-column fusion-post-cards-grid-column fusion-animated\"><div class=\"fusion-column-wrapper fusion-flex-justify-content-flex-start fusion-content-layout-column\" style=\"background-position:left top;background-repeat:no-repeat;-webkit-background-size:cover;-moz-background-size:cover;-o-background-size:cover;background-size:cover;background-color:var(--awb-color1);padding: 0px 0px 0px 0px;\"><div class=\"fusion-builder-row fusion-builder-row-inner fusion-row fusion-flex-align-items-stretch\" style=\"width:calc( 100% + 80px ) !important;max-width:calc( 100% + 80px ) !important;margin-left: calc(-80px \/ 2 );margin-right: calc(-80px \/ 2 );\"><div class=\"fusion-layout-column fusion_builder_column_inner fusion-builder-nested-column-4 fusion_builder_column_inner_1_2 1_2 fusion-flex-column fusion-flex-align-self-stretch\"><div class=\"fusion-column-wrapper fusion-flex-justify-content-center fusion-content-layout-column\" style=\"background-position:left top;background-repeat:no-repeat;-webkit-background-size:cover;-moz-background-size:cover;-o-background-size:cover;background-size:cover;background-color:var(--awb-color2);padding: 8vw 6vw 8vw 6vw;\"><style type=\"text\/css\">@media only screen and (max-width:1024px) {.fusion-title.fusion-title-3{margin-top:10px!important; margin-right:0px!important;margin-bottom:15px!important;margin-left:0px!important;}}@media only screen and (max-width:640px) {.fusion-title.fusion-title-3{margin-top:10px!important; margin-right:0px!important;margin-bottom:10px!important; margin-left:0px!important;}}.fusion-title.fusion-title-text.fusion-title-3 a{color:var(--awb-color8)}.fusion-title.fusion-title-text.fusion-title-3 a:hover{color:#4aae7a}<\/style><div class=\"fusion-title title fusion-title-3 fusion-sep-none fusion-title-text fusion-title-size-two\" style=\"font-size:36px;margin-top:10px;margin-right:0px;margin-bottom:15px;margin-left:0px;\"><h2 class=\"title-heading-left\" style=\"margin:0;font-size:1em;text-transform:capitalize;\"><a href=\"https:\/\/fastnacht-bauart.com\/staging\/services\/carports\/\" class=\"awb-custom-text-color awb-custom-text-hover-color\" target=\"_self\">Carports<\/a><\/h2><\/div><div class=\"fusion-separator\" style=\"align-self: flex-start;margin-right:auto;margin-top:10px;margin-bottom:30px;width:100%;max-width:80px;\"><div class=\"fusion-separator-border sep-single sep-solid\" style=\"border-color:var(--awb-color4);border-top-width:3px;\"><\/div><\/div><div class=\"fusion-text fusion-text-3 fusion-text-no-margin\" style=\"font-size:18px;margin-bottom:25px;\"><p>Ich baue das Zuhause, in dem sich Ihr Auto wohlf\u00fchlt, fachgerecht und professionell von Bodenplatte bis zur Dachspitze.<\/p>\n<\/div><div ><style>.fusion-body .fusion-button.button-3{border-radius:37px 37px 37px 37px;}<\/style><a class=\"fusion-button button-flat fusion-button-default-size button-default button-3 fusion-button-default-span fusion-button-default-type\" target=\"_self\" href=\"https:\/\/fastnacht-bauart.com\/staging\/services\/carports\/\"><span class=\"fusion-button-text\">Read More<\/span><\/a><\/div><\/div><style type=\"text\/css\">.fusion-body .fusion-builder-nested-column-4{width:50% !important;margin-top : 0px;margin-bottom : 0px;}.fusion-builder-nested-column-4 > .fusion-column-wrapper {padding-top : 8vw !important;padding-right : 6vw !important;margin-right : 0;padding-bottom : 8vw !important;padding-left : 6vw !important;margin-left : 0;}@media only screen and (max-width:1024px) {.fusion-body .fusion-builder-nested-column-4{width:50% !important;order : 0;}.fusion-builder-nested-column-4 > .fusion-column-wrapper {margin-right : 0;margin-left : 0;}}@media only screen and (max-width:640px) {.fusion-body .fusion-builder-nested-column-4{width:100% !important;order : 1;}.fusion-builder-nested-column-4 > .fusion-column-wrapper {margin-right : 40px;margin-left : 40px;}}<\/style><\/div><div class=\"fusion-layout-column fusion_builder_column_inner fusion-builder-nested-column-5 fusion_builder_column_inner_1_2 1_2 fusion-flex-column fusion-flex-align-self-stretch fusion-column-inner-bg-wrapper\"><div class=\"fusion-column-wrapper fusion-flex-justify-content-flex-start fusion-content-layout-column fusion-empty-column-bg-image\" style=\"padding: 0px 0px 0px 0px;\" data-bg-url=\"https:\/\/fastnacht-bauart.com\/staging\/wp-content\/uploads\/2021\/10\/Carport-Aufbau-Mario-Fastnacht-Bauart.jpg\"><img decoding=\"async\" class=\"fusion-empty-dims-img-placeholder fusion-no-large-visibility fusion-no-medium-visibility\" src=\"data:image\/svg+xml,%3Csvg%20xmlns%3D%27http%3A%2F%2Fwww.w3.org%2F2000%2Fsvg%27%20width%3D%271257%27%20height%3D%27742%27%20viewBox%3D%270%200%201257%20742%27%3E%3Crect%20width%3D%271257%27%20height%3D%27742%27%20fill-opacity%3D%220%22%2F%3E%3C%2Fsvg%3E\"><\/div><span class=\"fusion-column-inner-bg hover-type-none\"><a class=\"fusion-column-anchor\" href=\"https:\/\/fastnacht-bauart.com\/staging\/services\/carports\/\"><span class=\"fusion-column-inner-bg-image lazyload\" style=\"background-position:left top;background-repeat:no-repeat;-webkit-background-size:cover;-moz-background-size:cover;-o-background-size:cover;background-size:cover;\" data-bg=\"https:\/\/fastnacht-bauart.com\/staging\/wp-content\/uploads\/2021\/10\/Carport-Aufbau-Mario-Fastnacht-Bauart.jpg\"><\/span><\/a><\/span><style type=\"text\/css\">.fusion-body .fusion-builder-nested-column-5{width:50% !important;margin-top : 0px;margin-bottom : 0px;}.fusion-builder-nested-column-5 > .fusion-column-wrapper {padding-top : 0px !important;padding-right : 0px !important;margin-right : 0;padding-bottom : 0px !important;padding-left : 0px !important;margin-left : 0;}.fusion-flex-container .fusion-row .fusion-builder-nested-column-5 > .fusion-column-inner-bg { margin-right:0;margin-left:0; }@media only screen and (max-width:1024px) {.fusion-body .fusion-builder-nested-column-5{width:50% !important;order : 0;}.fusion-builder-nested-column-5 > .fusion-column-wrapper {margin-right : 0;margin-left : 0;}.fusion-flex-container .fusion-row .fusion-builder-nested-column-5 > .fusion-column-inner-bg { margin-right:0;margin-left:0; }}@media only screen and (max-width:640px) {.fusion-body .fusion-builder-nested-column-5{width:100% !important;order : 0;}.fusion-builder-nested-column-5 > .fusion-column-wrapper {margin-right : 40px;margin-left : 40px;}.fusion-flex-container .fusion-row .fusion-builder-nested-column-5 > .fusion-column-inner-bg { margin-right:40px;margin-left:40px; }}<\/style><\/div><\/div><div class=\"fusion-separator fusion-full-width-sep\" style=\"align-self: center;margin-left: auto;margin-right: auto;flex-grow:1;width:100%;\"><\/div><\/div><style type=\"text\/css\">.fusion-builder-column-3 > .fusion-column-wrapper {padding-top : 0px !important;padding-right : 0px !important;padding-bottom : 0px !important;padding-left : 0px !important;}<\/style><\/li>\n<\/ul><\/div><style>.fusion-post-cards.fusion-post-cards-3 ul.fusion-grid{margin-top:calc((90px)\/ -2);}.fusion-post-cards.fusion-post-cards-3 ul.fusion-grid > .fusion-grid-column{padding-top:calc((90px)\/ 2);padding-bottom:calc((90px)\/ 2);}.fusion-post-cards.fusion-post-cards-3 ul.fusion-grid > .fusion-grid-column > .fusion-column-inner-bg{margin-top:calc((90px)\/ 2);margin-bottom:calc((90px)\/ 2);}<\/style><\/div><style type=\"text\/css\">.fusion-body .fusion-builder-column-0{width:100% !important;margin-top : 0px;margin-bottom : 0px;}.fusion-builder-column-0 > .fusion-column-wrapper {padding-top : 0px !important;padding-right : 0px !important;margin-right : 40px;padding-bottom : 0px !important;padding-left : 0px !important;margin-left : 40px;}@media only screen and (max-width:1024px) {.fusion-body .fusion-builder-column-0{width:100% !important;order : 0;}.fusion-builder-column-0 > .fusion-column-wrapper {margin-right : 40px;margin-left : 40px;}}@media only screen and (max-width:640px) {.fusion-body .fusion-builder-column-0{width:100% !important;order : 0;}.fusion-builder-column-0 > .fusion-column-wrapper {margin-right : 40px;margin-left : 40px;}}<\/style><\/div><\/div><style type=\"text\/css\">.fusion-body .fusion-flex-container.fusion-builder-row-1{ padding-top : 30px;margin-top : 0px;padding-right : 0px;padding-bottom : 70px;margin-bottom : 0px;padding-left : 0px;}@media only screen and (max-width:640px) {.fusion-body .fusion-flex-container.fusion-builder-row-1{ padding-top : 0px;}}<\/style><\/div><\/p>\n","protected":false},"excerpt":{"rendered":"","protected":false},"author":1,"featured_media":0,"parent":0,"menu_order":0,"comment_status":"closed","ping_status":"closed","template":"100-width.php","meta":{"footnotes":""},"class_list":["post-10","page","type-page","status-publish","hentry"],"_links":{"self":[{"href":"https:\/\/fastnacht-bauart.com\/staging\/wp-json\/wp\/v2\/pages\/10","targetHints":{"allow":["GET"]}}],"collection":[{"href":"https:\/\/fastnacht-bauart.com\/staging\/wp-json\/wp\/v2\/pages"}],"about":[{"href":"https:\/\/fastnacht-bauart.com\/staging\/wp-json\/wp\/v2\/types\/page"}],"author":[{"embeddable":true,"href":"https:\/\/fastnacht-bauart.com\/staging\/wp-json\/wp\/v2\/users\/1"}],"replies":[{"embeddable":true,"href":"https:\/\/fastnacht-bauart.com\/staging\/wp-json\/wp\/v2\/comments?post=10"}],"version-history":[{"count":5,"href":"https:\/\/fastnacht-bauart.com\/staging\/wp-json\/wp\/v2\/pages\/10\/revisions"}],"predecessor-version":[{"id":1754,"href":"https:\/\/fastnacht-bauart.com\/staging\/wp-json\/wp\/v2\/pages\/10\/revisions\/1754"}],"wp:attachment":[{"href":"https:\/\/fastnacht-bauart.com\/staging\/wp-json\/wp\/v2\/media?parent=10"}],"curies":[{"name":"wp","href":"https:\/\/api.w.org\/{rel}","templated":true}]}}