{"id":14,"date":"2021-01-22T10:57:02","date_gmt":"2021-01-22T10:57:02","guid":{"rendered":"http:\/\/fastnacht-bauart.com\/?page_id=14"},"modified":"2022-05-09T18:23:24","modified_gmt":"2022-05-09T16:23:24","slug":"ueber-bauart","status":"publish","type":"page","link":"https:\/\/fastnacht-bauart.com\/staging\/ueber-bauart\/","title":{"rendered":"\u00dcber uns"},"content":{"rendered":"<div class=\"fusion-fullwidth fullwidth-box fusion-builder-row-1 fusion-flex-container nonhundred-percent-fullwidth non-hundred-percent-height-scrolling\" style=\"background-color: rgba(255,255,255,0);background-position: center center;background-repeat: no-repeat;border-width: 0px 0px 0px 0px;border-color:var(--awb-color3);border-style:solid;\" ><div class=\"fusion-builder-row fusion-row fusion-flex-align-items-flex-start fusion-flex-justify-content-center\" style=\"max-width:calc( 1200px + 80px );margin-left: calc(-80px \/ 2 );margin-right: calc(-80px \/ 2 );\"><div class=\"fusion-layout-column fusion_builder_column fusion-builder-column-0 fusion_builder_column_4_5 4_5 fusion-flex-column\"><div class=\"fusion-column-wrapper fusion-flex-justify-content-flex-start fusion-content-layout-column\" style=\"background-position:left top;background-repeat:no-repeat;-webkit-background-size:cover;-moz-background-size:cover;-o-background-size:cover;background-size:cover;padding: 0px 0px 0px 0px;\"><style type=\"text\/css\">@media only screen and (max-width:1024px) {.fusion-title.fusion-title-1{margin-top:10px!important; margin-right:0px!important;margin-bottom:30px!important;margin-left:0px!important;}}@media only screen and (max-width:640px) {.fusion-title.fusion-title-1{margin-top:10px!important; margin-right:0px!important;margin-bottom:30px!important; margin-left:0px!important;}}<\/style><div class=\"fusion-title title fusion-title-1 fusion-sep-none fusion-title-center fusion-title-text fusion-title-size-two\" style=\"margin-top:10px;margin-right:0px;margin-bottom:30px;margin-left:0px;\"><h2 class=\"title-heading-center\" style=\"margin:0;letter-spacing:-1px;text-transform:capitalize;\">WER BIN ICH UND WAS ICH MACHE?<\/h2><\/div><div class=\"fusion-text fusion-text-1 fusion-text-no-margin\" style=\"text-align:center;font-size:var(--awb-typography2-font-size);line-height:var(--awb-typography2-line-height);letter-spacing:var(--awb-typography2-letter-spacing);text-transform:var(--awb-typography2-text-transform);font-family:var(--awb-typography2-font-family);font-weight:var(--awb-typography2-font-weight);font-style:var(--awb-typography2-font-style);margin-bottom:10px;\"><p>Das gesicht hinter Fastnacht Bauart<\/p>\n<\/div><div class=\"fusion-text fusion-text-2 fusion-text-no-margin\" style=\"text-align:center;margin-right:10%;margin-left:10%;\"><p>Ich bin Mario Fastnacht, Inhaber von &#8222;Fastnacht Bauart&#8220;. Meine Leistungen umfassen im Kern Vertrieb und Montage von Carports, Z\u00e4unen, Saunen, etc. mit allen dazugeh\u00f6renden Ma\u00dfnahmen wie Vor- und Nachbereitung, \u00c4nderungsw\u00fcnschen, sowie Wartung. Dabei greife ich auf mehr als 30 Jahre Berufserfahrung als \u201eSchlosser\u201c und Handwerker zur\u00fcck und stehe eng mit Produzenten und Handelsvertretern aus der Branche in Kontakt.<\/p>\n<\/div><\/div><style type=\"text\/css\">.fusion-body .fusion-builder-column-0{width:80% !important;margin-top : 0px;margin-bottom : 20px;}.fusion-builder-column-0 > .fusion-column-wrapper {padding-top : 0px !important;padding-right : 0px !important;margin-right : 40px;padding-bottom : 0px !important;padding-left : 0px !important;margin-left : 40px;}@media only screen and (max-width:1024px) {.fusion-body .fusion-builder-column-0{width:80% !important;order : 0;}.fusion-builder-column-0 > .fusion-column-wrapper {margin-right : 40px;margin-left : 40px;}}@media only screen and (max-width:640px) {.fusion-body .fusion-builder-column-0{width:100% !important;order : 0;}.fusion-builder-column-0 > .fusion-column-wrapper {margin-right : 40px;margin-left : 40px;}}<\/style><\/div><div class=\"fusion-layout-column fusion_builder_column fusion-builder-column-1 fusion_builder_column_1_5 1_5 fusion-flex-column\"><div class=\"fusion-column-wrapper fusion-flex-justify-content-center fusion-content-layout-row\" style=\"background-position:left top;background-repeat:no-repeat;-webkit-background-size:cover;-moz-background-size:cover;-o-background-size:cover;background-size:cover;padding: 0px 0px 85px 0px;\"><div style=\"text-align:left;\"><span class=\" fusion-imageframe imageframe-none imageframe-1 hover-type-none\" style=\"border:5px solid var(--awb-color3);\"><img decoding=\"async\" width=\"200\" height=\"300\" title=\"Mario Fastnacht &#8211; Bauart an der T\u00fcr seines Transporters\" src=\"https:\/\/fastnacht-bauart.com\/staging\/wp-content\/uploads\/2022\/03\/Mario-Fastnacht-Bauart-an-der-Tuer-seines-Transporters-scaled.jpg\" data-orig-src=\"https:\/\/fastnacht-bauart.com\/staging\/wp-content\/uploads\/2022\/03\/Mario-Fastnacht-Bauart-an-der-Tuer-seines-Transporters-200x300.jpg\" alt class=\"lazyload img-responsive wp-image-1608\" srcset=\"data:image\/svg+xml,%3Csvg%20xmlns%3D%27http%3A%2F%2Fwww.w3.org%2F2000%2Fsvg%27%20width%3D%271707%27%20height%3D%272560%27%20viewBox%3D%270%200%201707%202560%27%3E%3Crect%20width%3D%271707%27%20height%3D%272560%27%20fill-opacity%3D%220%22%2F%3E%3C%2Fsvg%3E\" data-srcset=\"https:\/\/fastnacht-bauart.com\/staging\/wp-content\/uploads\/2022\/03\/Mario-Fastnacht-Bauart-an-der-Tuer-seines-Transporters-200x300.jpg 200w, https:\/\/fastnacht-bauart.com\/staging\/wp-content\/uploads\/2022\/03\/Mario-Fastnacht-Bauart-an-der-Tuer-seines-Transporters-400x600.jpg 400w, https:\/\/fastnacht-bauart.com\/staging\/wp-content\/uploads\/2022\/03\/Mario-Fastnacht-Bauart-an-der-Tuer-seines-Transporters-600x900.jpg 600w, https:\/\/fastnacht-bauart.com\/staging\/wp-content\/uploads\/2022\/03\/Mario-Fastnacht-Bauart-an-der-Tuer-seines-Transporters-800x1200.jpg 800w, https:\/\/fastnacht-bauart.com\/staging\/wp-content\/uploads\/2022\/03\/Mario-Fastnacht-Bauart-an-der-Tuer-seines-Transporters-1200x1800.jpg 1200w, https:\/\/fastnacht-bauart.com\/staging\/wp-content\/uploads\/2022\/03\/Mario-Fastnacht-Bauart-an-der-Tuer-seines-Transporters-scaled.jpg 1707w\" data-sizes=\"auto\" data-orig-sizes=\"(max-width: 640px) 100vw, 400px\" \/><\/span><\/div><\/div><style type=\"text\/css\">.fusion-body .fusion-builder-column-1{width:20% !important;margin-top : 0px;margin-bottom : 66px;}.fusion-builder-column-1 > .fusion-column-wrapper {padding-top : 0px !important;padding-right : 0px !important;margin-right : 0px;padding-bottom : 85px !important;padding-left : 0px !important;margin-left : 0px;}@media only screen and (max-width:1024px) {.fusion-body .fusion-builder-column-1{width:20% !important;order : 0;}.fusion-builder-column-1 > .fusion-column-wrapper {margin-right : 0px;margin-left : 0px;}}@media only screen and (max-width:640px) {.fusion-body .fusion-builder-column-1{width:100% !important;order : 0;}.fusion-builder-column-1 > .fusion-column-wrapper {margin-right : 40px;margin-left : 40px;}}<\/style><\/div><div class=\"fusion-layout-column fusion_builder_column fusion-builder-column-2 fusion_builder_column_1_1 1_1 fusion-flex-column fusion-animated\" data-animationType=\"fadeIn\" data-animationDuration=\"1.0\" data-animationOffset=\"top-into-view\"><div class=\"fusion-column-wrapper fusion-flex-justify-content-flex-start fusion-content-layout-column\" style=\"background-position:left top;background-repeat:no-repeat;-webkit-background-size:cover;-moz-background-size:cover;-o-background-size:cover;background-size:cover;background-color:hsla(var(--awb-color8-h),var(--awb-color8-s),calc( var(--awb-color8-l) + 96% ),var(--awb-color8-a));padding: 60px 60px 40px 60px;\"><div class=\"fusion-counters-box counters-box row fusion-clearfix fusion-columns-4\"><div class=\"fusion-counter-box fusion-column col-counter-box counter-box-wrapper col-lg-3 col-md-3 col-sm-3\" data-animationOffset=\"top-into-view\"><div class=\"counter-box-container\" style=\"border: 1px solid rgba(255,255,255,0);\"><div class=\"content-box-percentage content-box-counter\" style=\"color:var(--awb-color8);font-size:60px;line-height:normal;\"><i class=\"counter-box-icon fontawesome-icon fa-tasks fas\" style=\"font-size:35px;\" aria-hidden=\"true\"><\/i><span class=\"display-counter\" data-value=\"370\" data-direction=\"up\" data-decimals=\"0\">0<\/span><\/div><div class=\"counter-box-content\" style=\"color:var(--awb-color8);font-size:14px;\">Projekte fertiggestellt<\/div><\/div><\/div><div class=\"fusion-counter-box fusion-column col-counter-box counter-box-wrapper col-lg-3 col-md-3 col-sm-3\" data-animationOffset=\"top-into-view\"><div class=\"counter-box-container\" style=\"border: 1px solid rgba(255,255,255,0);\"><div class=\"content-box-percentage content-box-counter\" style=\"color:var(--awb-color8);font-size:60px;line-height:normal;\"><i class=\"counter-box-icon fontawesome-icon fa-users fas\" style=\"font-size:35px;\" aria-hidden=\"true\"><\/i><span class=\"display-counter\" data-value=\"200\" data-direction=\"up\" data-decimals=\"0\">0<\/span><\/div><div class=\"counter-box-content\" style=\"color:var(--awb-color8);font-size:14px;\">Gl\u00fcckliche Kunden<\/div><\/div><\/div><div class=\"fusion-counter-box fusion-column col-counter-box counter-box-wrapper col-lg-3 col-md-3 col-sm-3\" data-animationOffset=\"top-into-view\"><div class=\"counter-box-container\" style=\"border: 1px solid rgba(255,255,255,0);\"><div class=\"content-box-percentage content-box-counter\" style=\"color:var(--awb-color8);font-size:60px;line-height:normal;\"><i class=\"counter-box-icon fontawesome-icon fa-tree fas\" style=\"font-size:35px;\" aria-hidden=\"true\"><\/i><span class=\"display-counter\" data-value=\"1440\" data-direction=\"up\" data-decimals=\"0\">0<\/span><\/div><div class=\"counter-box-content\" style=\"color:var(--awb-color8);font-size:14px;\">Tonnen Holz und Stahl verarbeitet.<\/div><\/div><\/div><div class=\"fusion-counter-box fusion-column col-counter-box counter-box-wrapper col-lg-3 col-md-3 col-sm-3\" data-animationOffset=\"top-into-view\"><div class=\"counter-box-container\" style=\"border: 1px solid rgba(255,255,255,0);\"><div class=\"content-box-percentage content-box-counter\" style=\"color:var(--awb-color8);font-size:60px;line-height:normal;\"><i class=\"counter-box-icon fontawesome-icon fa-user-friends fas\" style=\"font-size:35px;\" aria-hidden=\"true\"><\/i><span class=\"display-counter\" data-value=\"2\" data-direction=\"up\" data-decimals=\"0\">0<\/span><\/div><div class=\"counter-box-content\" style=\"color:var(--awb-color8);font-size:14px;\">Top Mitarbeiter<\/div><\/div><\/div><\/div><\/div><style type=\"text\/css\">.fusion-body .fusion-builder-column-2{width:100% !important;margin-top : 0px;margin-bottom : 100px;}.fusion-builder-column-2 > .fusion-column-wrapper {padding-top : 60px !important;padding-right : 60px !important;margin-right : 40px;padding-bottom : 40px !important;padding-left : 60px !important;margin-left : 40px;}@media only screen and (max-width:1024px) {.fusion-body .fusion-builder-column-2{width:100% !important;order : 0;}.fusion-builder-column-2 > .fusion-column-wrapper {margin-right : 40px;margin-left : 40px;}}@media only screen and (max-width:640px) {.fusion-body .fusion-builder-column-2{width:100% !important;order : 0;}.fusion-builder-column-2 > .fusion-column-wrapper {margin-right : 40px;margin-left : 40px;}}<\/style><\/div><\/div><style type=\"text\/css\">.fusion-body .fusion-flex-container.fusion-builder-row-1{ padding-top : 30px;margin-top : 0px;padding-right : 0px;padding-bottom : 0px;margin-bottom : 0px;padding-left : 0px;}@media only screen and (max-width:640px) {.fusion-body .fusion-flex-container.fusion-builder-row-1{ padding-top : 0px;}}<\/style><\/div>\n","protected":false},"excerpt":{"rendered":"","protected":false},"author":1,"featured_media":0,"parent":0,"menu_order":0,"comment_status":"closed","ping_status":"closed","template":"100-width.php","meta":{"footnotes":""},"class_list":["post-14","page","type-page","status-publish","hentry"],"_links":{"self":[{"href":"https:\/\/fastnacht-bauart.com\/staging\/wp-json\/wp\/v2\/pages\/14","targetHints":{"allow":["GET"]}}],"collection":[{"href":"https:\/\/fastnacht-bauart.com\/staging\/wp-json\/wp\/v2\/pages"}],"about":[{"href":"https:\/\/fastnacht-bauart.com\/staging\/wp-json\/wp\/v2\/types\/page"}],"author":[{"embeddable":true,"href":"https:\/\/fastnacht-bauart.com\/staging\/wp-json\/wp\/v2\/users\/1"}],"replies":[{"embeddable":true,"href":"https:\/\/fastnacht-bauart.com\/staging\/wp-json\/wp\/v2\/comments?post=14"}],"version-history":[{"count":8,"href":"https:\/\/fastnacht-bauart.com\/staging\/wp-json\/wp\/v2\/pages\/14\/revisions"}],"predecessor-version":[{"id":1764,"href":"https:\/\/fastnacht-bauart.com\/staging\/wp-json\/wp\/v2\/pages\/14\/revisions\/1764"}],"wp:attachment":[{"href":"https:\/\/fastnacht-bauart.com\/staging\/wp-json\/wp\/v2\/media?parent=14"}],"curies":[{"name":"wp","href":"https:\/\/api.w.org\/{rel}","templated":true}]}}