{"id":1755,"date":"2022-05-09T20:27:08","date_gmt":"2022-05-09T18:27:08","guid":{"rendered":"https:\/\/fastnacht-bauart.com\/?page_id=1755"},"modified":"2022-05-10T08:49:38","modified_gmt":"2022-05-10T06:49:38","slug":"impressum","status":"publish","type":"page","link":"https:\/\/fastnacht-bauart.com\/staging\/impressum\/","title":{"rendered":"Impressum"},"content":{"rendered":"<div class=\"fusion-fullwidth fullwidth-box fusion-builder-row-1 fusion-flex-container nonhundred-percent-fullwidth non-hundred-percent-height-scrolling\" style=\"background-color: rgba(255,255,255,0);background-position: center center;background-repeat: no-repeat;border-width: 0px 0px 0px 0px;border-color:var(--awb-color3);border-style:solid;\" ><div class=\"fusion-builder-row fusion-row fusion-flex-align-items-flex-start fusion-flex-justify-content-center\" style=\"max-width:calc( 1200px + 80px );margin-left: calc(-80px \/ 2 );margin-right: calc(-80px \/ 2 );\"><div class=\"fusion-layout-column fusion_builder_column fusion-builder-column-0 fusion_builder_column_1_1 1_1 fusion-flex-column\"><div class=\"fusion-column-wrapper fusion-flex-justify-content-flex-start fusion-content-layout-column\" style=\"background-position:left top;background-repeat:no-repeat;-webkit-background-size:cover;-moz-background-size:cover;-o-background-size:cover;background-size:cover;padding: 0px 0px 0px 0px;\"><div class=\"fusion-text fusion-text-1\"><h1 style=\"--fontsize: 72; line-height: 1.2;\"><span dir=\"ltr\" role=\"presentation\" data-fusion-font=\"true\" style=\"font-size: 72px; line-height: 1.2; letter-spacing: -1.08px;\">Impressum<\/span><\/h1>\n<p><span dir=\"ltr\" role=\"presentation\">Angaben gem\u00e4\u00df \u00a7 5 TMG<\/span><br role=\"presentation\"><em>Mario Fastnacht<\/em><br \/>\n<em>Hallimaschweg 2<\/em><br \/>\n<em>16515 Oranienburg<\/em><\/p>\n<p>Vertretungsberechtigte Personen: Mario Fastnacht<br \/>\nE-Mail-Adresse: mario@fastnacht-bauart.com<br \/>\nTelefon: +49 (0)172 3507265<\/p>\n<h2 class=\"\" style=\"--fontsize: 40; line-height: 1.2;\" data-fontsize=\"40\" data-lineheight=\"48px\"><span dir=\"ltr\" role=\"presentation\">Kontakt<\/span><\/h2>\n<p><span dir=\"ltr\" role=\"presentation\">Telefon: +49 (0)172 3507265<\/span><br role=\"presentation\"><span dir=\"ltr\" role=\"presentation\">E-Mail: mario@fastnacht-bauart.com<\/span><\/p>\n<h2 class=\"\" style=\"--fontsize: 40; line-height: 1.2;\" data-fontsize=\"40\" data-lineheight=\"48px\"><span dir=\"ltr\" role=\"presentation\">Umsatzsteuer-ID<\/span><\/h2>\n<p><span dir=\"ltr\" role=\"presentation\">Umsatzsteuer-Identifikationsnummer gem\u00e4\u00df \u00a7 27 a Umsatzsteuergesetz:<\/span><br role=\"presentation\"><span dir=\"ltr\" role=\"presentation\">folgt<\/span><\/p>\n<p><span dir=\"ltr\" role=\"presentation\"><b>Redaktionell verantwortlich:<\/b><br \/>\n<\/span><span style=\"background-color: rgba(255, 255, 255, 0); color: var(--body_typography-color); font-family: var(--body_typography-font-family); font-size: var(--body_typography-font-size); font-style: var(--body_typography-font-style,normal); font-weight: var(--body_typography-font-weight); letter-spacing: var(--body_typography-letter-spacing);\">Mario Fastnacht<br \/>\n<\/span><span style=\"background-color: rgba(255, 255, 255, 0); color: var(--body_typography-color); font-family: var(--body_typography-font-family); font-size: var(--body_typography-font-size); font-style: var(--body_typography-font-style,normal); font-weight: var(--body_typography-font-weight); letter-spacing: var(--body_typography-letter-spacing);\">Hallimaschweg 2<br \/>\n<\/span><span style=\"background-color: rgba(255, 255, 255, 0); color: var(--body_typography-color); font-family: var(--body_typography-font-family); font-size: var(--body_typography-font-size); font-style: var(--body_typography-font-style,normal); font-weight: var(--body_typography-font-weight); letter-spacing: var(--body_typography-letter-spacing);\">16515 Oranienburg<\/span><\/p>\n<p>sowie <b><a href=\"www.schadeundwald.de\">www.schadeundwald.de<\/a><\/b><\/p>\n<h2 class=\"\" style=\"--fontsize: 40; line-height: 1.2;\" data-fontsize=\"40\" data-lineheight=\"48px\"><span dir=\"ltr\" role=\"presentation\">EU-Streitschlichtung<\/span><\/h2>\n<p><span dir=\"ltr\" role=\"presentation\">Die Europ\u00e4ische Kommission stellt eine Plattform zur Online-Streitbeilegung (OS) bereit:<\/span><span dir=\"ltr\" role=\"presentation\">https:\/\/ec.europa.eu\/consumers\/odr\/.<\/span><br role=\"presentation\"><span dir=\"ltr\" role=\"presentation\">Unsere E-Mail-Adresse finden Sie oben im Impressum.<\/span><\/p>\n<h2 class=\"\" style=\"--fontsize: 40; line-height: 1.2;\" data-fontsize=\"40\" data-lineheight=\"48px\"><span dir=\"ltr\" role=\"presentation\">Verbraucher\u00adstreitbeilegung<\/span><\/h2>\n<p><span dir=\"ltr\" role=\"presentation\">Wir nehmen an einem Streitbeilegungsverfahren vor einer Verbraucherschlichtungsstelle teil. Zust\u00e4ndig ist<\/span><br role=\"presentation\"><span dir=\"ltr\" role=\"presentation\">die Universalschlichtungsstelle des Zentrums f\u00fcr Schlichtung e.V., Stra\u00dfburger Stra\u00dfe 8, 77694 Kehl am<\/span><br role=\"presentation\"><span dir=\"ltr\" role=\"presentation\">Rhein (<\/span><span dir=\"ltr\" role=\"presentation\">https:\/\/www.verbraucher-schlichter.de).<\/span><\/p>\n<div class=\"page\" role=\"region\" data-page-number=\"2\" aria-label=\"Seite 2\" data-loaded=\"true\">\n<div class=\"annotationLayer\"><\/div>\n<\/div>\n<div class=\"page\" role=\"region\" data-page-number=\"3\" aria-label=\"Seite 3\" data-loaded=\"true\">\n<div class=\"canvasWrapper\"><\/div>\n<\/div>\n<p><span dir=\"ltr\" role=\"presentation\">Quelle: <\/span><span dir=\"ltr\" role=\"presentation\">https:\/\/www.e-recht24.de\/impressum-generator.html<\/span><\/p>\n<\/div><\/div><style type=\"text\/css\">.fusion-body .fusion-builder-column-0{width:100% !important;margin-top : 0px;margin-bottom : 20px;}.fusion-builder-column-0 > .fusion-column-wrapper {padding-top : 0px !important;padding-right : 0px !important;margin-right : 40px;padding-bottom : 0px !important;padding-left : 0px !important;margin-left : 40px;}@media only screen and (max-width:1024px) {.fusion-body .fusion-builder-column-0{width:100% !important;order : 0;}.fusion-builder-column-0 > .fusion-column-wrapper {margin-right : 40px;margin-left : 40px;}}@media only screen and (max-width:640px) {.fusion-body .fusion-builder-column-0{width:100% !important;order : 0;}.fusion-builder-column-0 > .fusion-column-wrapper {margin-right : 40px;margin-left : 40px;}}<\/style><\/div><\/div><style type=\"text\/css\">.fusion-body .fusion-flex-container.fusion-builder-row-1{ padding-top : 0px;margin-top : 0px;padding-right : 0px;padding-bottom : 0px;margin-bottom : 0px;padding-left : 0px;}@media only screen and (max-width:640px) {.fusion-body .fusion-flex-container.fusion-builder-row-1{ padding-right : 50px;padding-left : 10px;}}<\/style><\/div>\n","protected":false},"excerpt":{"rendered":"","protected":false},"author":1,"featured_media":0,"parent":0,"menu_order":0,"comment_status":"closed","ping_status":"closed","template":"","meta":{"footnotes":""},"class_list":["post-1755","page","type-page","status-publish","hentry"],"_links":{"self":[{"href":"https:\/\/fastnacht-bauart.com\/staging\/wp-json\/wp\/v2\/pages\/1755","targetHints":{"allow":["GET"]}}],"collection":[{"href":"https:\/\/fastnacht-bauart.com\/staging\/wp-json\/wp\/v2\/pages"}],"about":[{"href":"https:\/\/fastnacht-bauart.com\/staging\/wp-json\/wp\/v2\/types\/page"}],"author":[{"embeddable":true,"href":"https:\/\/fastnacht-bauart.com\/staging\/wp-json\/wp\/v2\/users\/1"}],"replies":[{"embeddable":true,"href":"https:\/\/fastnacht-bauart.com\/staging\/wp-json\/wp\/v2\/comments?post=1755"}],"version-history":[{"count":10,"href":"https:\/\/fastnacht-bauart.com\/staging\/wp-json\/wp\/v2\/pages\/1755\/revisions"}],"predecessor-version":[{"id":1798,"href":"https:\/\/fastnacht-bauart.com\/staging\/wp-json\/wp\/v2\/pages\/1755\/revisions\/1798"}],"wp:attachment":[{"href":"https:\/\/fastnacht-bauart.com\/staging\/wp-json\/wp\/v2\/media?parent=1755"}],"curies":[{"name":"wp","href":"https:\/\/api.w.org\/{rel}","templated":true}]}}